{"id":2956,"date":"2024-11-26T14:30:16","date_gmt":"2024-11-26T13:30:16","guid":{"rendered":"https:\/\/movinflex.com\/certificazioni\/"},"modified":"2025-01-21T07:00:58","modified_gmt":"2025-01-21T06:00:58","slug":"certifications","status":"publish","type":"page","link":"https:\/\/movinflex.com\/en\/certifications\/","title":{"rendered":"Certifications"},"content":{"rendered":"\t\t<div data-elementor-type=\"wp-page\" data-elementor-id=\"2956\" class=\"elementor elementor-2956 elementor-217\" data-elementor-post-type=\"page\">\n\t\t\t\t<div class=\"elementor-element elementor-element-dd9b552 e-con-full e-flex e-con e-parent\" data-id=\"dd9b552\" data-element_type=\"container\" data-e-type=\"container\" data-settings=\"{&quot;background_background&quot;:&quot;classic&quot;}\">\n\t\t<div class=\"elementor-element elementor-element-9eb5b22 e-flex e-con-boxed e-con e-child\" data-id=\"9eb5b22\" data-element_type=\"container\" data-e-type=\"container\">\n\t\t\t\t\t<div class=\"e-con-inner\">\n\t\t\t\t<div class=\"elementor-element elementor-element-6cc8359 elementor-widget elementor-widget-heading\" data-id=\"6cc8359\" data-element_type=\"widget\" data-e-type=\"widget\" data-widget_type=\"heading.default\">\n\t\t\t\t<div class=\"elementor-widget-container\">\n\t\t\t\t\t<h1 class=\"elementor-heading-title elementor-size-default\">Certifications<\/h1>\t\t\t\t<\/div>\n\t\t\t\t<\/div>\n\t\t\t\t\t<\/div>\n\t\t\t\t<\/div>\n\t\t\t\t<\/div>\n\t\t<div class=\"elementor-element elementor-element-1724722 e-con-full e-flex e-con e-parent\" data-id=\"1724722\" data-element_type=\"container\" data-e-type=\"container\">\n\t\t<div class=\"elementor-element elementor-element-fb12e87 e-flex e-con-boxed e-con e-child\" data-id=\"fb12e87\" data-element_type=\"container\" data-e-type=\"container\">\n\t\t\t\t\t<div class=\"e-con-inner\">\n\t\t\t\t<div class=\"elementor-element elementor-element-b825498 elementor-widget elementor-widget-text-editor\" data-id=\"b825498\" data-element_type=\"widget\" data-e-type=\"widget\" data-widget_type=\"text-editor.default\">\n\t\t\t\t<div class=\"elementor-widget-container\">\n\t\t\t\t\t\t\t\t\t<p>La qualit\u00e0 e la sicurezza sono al centro delle nostre operazioni. Queste certificazioni rappresentano il nostro impegno per fornire prodotti di alta qualit\u00e0 che soddisfino i pi\u00f9 rigorosi standard internazionali. Scopri di pi\u00f9 sulle certificazioni che supportano i nostri prodotti:<\/p>\n\t\t\t\t\t\t\t\t<\/div>\n\t\t\t\t<\/div>\n\t\t\t\t\t<\/div>\n\t\t\t\t<\/div>\n\t\t\t\t<\/div>\n\t\t<div class=\"elementor-element elementor-element-7284246 e-flex e-con-boxed e-con e-parent\" data-id=\"7284246\" data-element_type=\"container\" data-e-type=\"container\">\n\t\t\t\t\t<div class=\"e-con-inner\">\n\t\t<div class=\"elementor-element elementor-element-67b66b4 e-con-full e-flex e-con e-child\" data-id=\"67b66b4\" data-element_type=\"container\" data-e-type=\"container\">\n\t\t<div class=\"elementor-element elementor-element-741e578 e-con-full e-flex e-con e-child\" data-id=\"741e578\" data-element_type=\"container\" data-e-type=\"container\">\n\t\t\t\t<div class=\"elementor-element elementor-element-b081606 elementor-widget elementor-widget-image\" data-id=\"b081606\" data-element_type=\"widget\" data-e-type=\"widget\" data-widget_type=\"image.default\">\n\t\t\t\t<div class=\"elementor-widget-container\">\n\t\t\t\t\t\t\t\t\t\t\t\t\t\t\t<img fetchpriority=\"high\" decoding=\"async\" width=\"724\" height=\"1024\" src=\"https:\/\/movinflex.com\/wp-content\/uploads\/2024\/11\/Certificato_IMQ-Movinflex-768x1086-1-724x1024.jpg\" class=\"attachment-large size-large wp-image-2581\" alt=\"\" srcset=\"https:\/\/movinflex.com\/wp-content\/uploads\/2024\/11\/Certificato_IMQ-Movinflex-768x1086-1-724x1024.jpg 724w, https:\/\/movinflex.com\/wp-content\/uploads\/2024\/11\/Certificato_IMQ-Movinflex-768x1086-1-212x300.jpg 212w, https:\/\/movinflex.com\/wp-content\/uploads\/2024\/11\/Certificato_IMQ-Movinflex-768x1086-1.jpg 768w\" sizes=\"(max-width: 724px) 100vw, 724px\" \/>\t\t\t\t\t\t\t\t\t\t\t\t\t\t\t<\/div>\n\t\t\t\t<\/div>\n\t\t\t\t<\/div>\n\t\t\t\t<\/div>\n\t\t<div class=\"elementor-element elementor-element-b8b0ed1 e-con-full e-flex e-con e-child\" data-id=\"b8b0ed1\" data-element_type=\"container\" data-e-type=\"container\">\n\t\t\t\t<div class=\"elementor-element elementor-element-9445c7c elementor-widget elementor-widget-image\" data-id=\"9445c7c\" data-element_type=\"widget\" data-e-type=\"widget\" data-widget_type=\"image.default\">\n\t\t\t\t<div class=\"elementor-widget-container\">\n\t\t\t\t\t\t\t\t\t\t\t\t\t\t\t<img decoding=\"async\" width=\"724\" height=\"1024\" src=\"https:\/\/movinflex.com\/wp-content\/uploads\/2024\/11\/Certificato_IQNET-768x1086-1-724x1024.jpg\" class=\"attachment-large size-large wp-image-2582\" alt=\"\" srcset=\"https:\/\/movinflex.com\/wp-content\/uploads\/2024\/11\/Certificato_IQNET-768x1086-1-724x1024.jpg 724w, https:\/\/movinflex.com\/wp-content\/uploads\/2024\/11\/Certificato_IQNET-768x1086-1-212x300.jpg 212w, https:\/\/movinflex.com\/wp-content\/uploads\/2024\/11\/Certificato_IQNET-768x1086-1.jpg 768w\" sizes=\"(max-width: 724px) 100vw, 724px\" \/>\t\t\t\t\t\t\t\t\t\t\t\t\t\t\t<\/div>\n\t\t\t\t<\/div>\n\t\t\t\t<\/div>\n\t\t\t\t\t<\/div>\n\t\t\t\t<\/div>\n\t\t<div class=\"elementor-element elementor-element-99377ae e-flex e-con-boxed e-con e-parent\" data-id=\"99377ae\" data-element_type=\"container\" data-e-type=\"container\" data-settings=\"{&quot;background_background&quot;:&quot;classic&quot;}\">\n\t\t\t\t\t<div class=\"e-con-inner\">\n\t\t<div class=\"elementor-element elementor-element-2c70661 e-con-full e-flex e-con e-child\" data-id=\"2c70661\" data-element_type=\"container\" data-e-type=\"container\">\n\t\t\t\t<div class=\"elementor-element elementor-element-d1a767f elementor-widget elementor-widget-image\" data-id=\"d1a767f\" data-element_type=\"widget\" data-e-type=\"widget\" data-widget_type=\"image.default\">\n\t\t\t\t<div class=\"elementor-widget-container\">\n\t\t\t\t\t\t\t\t\t\t\t\t\t\t\t<img decoding=\"async\" width=\"300\" height=\"300\" src=\"https:\/\/movinflex.com\/wp-content\/uploads\/2024\/11\/Logo_UL_mark-1-300x300-1.jpg\" class=\"attachment-large size-large wp-image-2579\" alt=\"\" srcset=\"https:\/\/movinflex.com\/wp-content\/uploads\/2024\/11\/Logo_UL_mark-1-300x300-1.jpg 300w, https:\/\/movinflex.com\/wp-content\/uploads\/2024\/11\/Logo_UL_mark-1-300x300-1-150x150.jpg 150w\" sizes=\"(max-width: 300px) 100vw, 300px\" \/>\t\t\t\t\t\t\t\t\t\t\t\t\t\t\t<\/div>\n\t\t\t\t<\/div>\n\t\t\t\t<\/div>\n\t\t<div class=\"elementor-element elementor-element-2117381 e-con-full e-flex e-con e-child\" data-id=\"2117381\" data-element_type=\"container\" data-e-type=\"container\">\n\t\t\t\t<div class=\"elementor-element elementor-element-23ef5b3 elementor-widget elementor-widget-text-editor\" data-id=\"23ef5b3\" data-element_type=\"widget\" data-e-type=\"widget\" data-widget_type=\"text-editor.default\">\n\t\t\t\t<div class=\"elementor-widget-container\">\n\t\t\t\t\t\t\t\t\t<p><strong>Certificazione UL <\/strong>(Underwriters Laboratories)<\/p>\n\t\t\t\t\t\t\t\t<\/div>\n\t\t\t\t<\/div>\n\t\t\t\t<div class=\"elementor-element elementor-element-049f4c0 elementor-widget elementor-widget-text-editor\" data-id=\"049f4c0\" data-element_type=\"widget\" data-e-type=\"widget\" data-widget_type=\"text-editor.default\">\n\t\t\t\t<div class=\"elementor-widget-container\">\n\t\t\t\t\t\t\t\t\t<p>Una rete di distribuzione fatta di persone, connessioni e legami che durano nel tempo. Movinflex \u00e8 il tuo partner affidabile per migliorare l\u2019efficienza dei processi industriali.<\/p>\n\t\t\t\t\t\t\t\t<\/div>\n\t\t\t\t<\/div>\n\t\t\t\t<\/div>\n\t\t\t\t\t<\/div>\n\t\t\t\t<\/div>\n\t\t<div class=\"elementor-element elementor-element-f6725f3 e-flex e-con-boxed e-con e-parent\" data-id=\"f6725f3\" data-element_type=\"container\" data-e-type=\"container\" data-settings=\"{&quot;background_background&quot;:&quot;classic&quot;}\">\n\t\t\t\t\t<div class=\"e-con-inner\">\n\t\t<div class=\"elementor-element elementor-element-634e1a5 e-con-full e-flex e-con e-child\" data-id=\"634e1a5\" data-element_type=\"container\" data-e-type=\"container\">\n\t\t\t\t<div class=\"elementor-element elementor-element-c44ccaa elementor-widget elementor-widget-image\" data-id=\"c44ccaa\" data-element_type=\"widget\" data-e-type=\"widget\" data-widget_type=\"image.default\">\n\t\t\t\t<div class=\"elementor-widget-container\">\n\t\t\t\t\t\t\t\t\t\t\t\t\t\t\t<img loading=\"lazy\" decoding=\"async\" width=\"150\" height=\"150\" src=\"https:\/\/movinflex.com\/wp-content\/uploads\/2024\/11\/UKCA_filled.svg-150x150-1.png\" class=\"attachment-large size-large wp-image-2580\" alt=\"\" \/>\t\t\t\t\t\t\t\t\t\t\t\t\t\t\t<\/div>\n\t\t\t\t<\/div>\n\t\t\t\t<\/div>\n\t\t<div class=\"elementor-element elementor-element-783a1bb e-con-full e-flex e-con e-child\" data-id=\"783a1bb\" data-element_type=\"container\" data-e-type=\"container\">\n\t\t\t\t<div class=\"elementor-element elementor-element-7b899f8 elementor-widget elementor-widget-text-editor\" data-id=\"7b899f8\" data-element_type=\"widget\" data-e-type=\"widget\" data-widget_type=\"text-editor.default\">\n\t\t\t\t<div class=\"elementor-widget-container\">\n\t\t\t\t\t\t\t\t\t<p><strong>Certificazione UKCA <\/strong>(UK Conformity Assessed)<\/p>\n\t\t\t\t\t\t\t\t<\/div>\n\t\t\t\t<\/div>\n\t\t\t\t<div class=\"elementor-element elementor-element-f319c3e elementor-widget elementor-widget-text-editor\" data-id=\"f319c3e\" data-element_type=\"widget\" data-e-type=\"widget\" data-widget_type=\"text-editor.default\">\n\t\t\t\t<div class=\"elementor-widget-container\">\n\t\t\t\t\t\t\t\t\t<p>La certificazione UKCA \u00e8 essenziale per garantire la conformit\u00e0 dei nostri prodotti alle normative del Regno Unito dopo la Brexit. Questa certificazione dimostra che i nostri prodotti soddisfano gli standard britannici di sicurezza e qualit\u00e0 e possono essere commercializzati nel Regno Unito e nei suoi territori.<\/p>\n\t\t\t\t\t\t\t\t<\/div>\n\t\t\t\t<\/div>\n\t\t\t\t<\/div>\n\t\t\t\t\t<\/div>\n\t\t\t\t<\/div>\n\t\t<div class=\"elementor-element elementor-element-c850f73 e-flex e-con-boxed e-con e-parent\" data-id=\"c850f73\" data-element_type=\"container\" data-e-type=\"container\">\n\t\t\t\t\t<div class=\"e-con-inner\">\n\t\t<div class=\"elementor-element elementor-element-beb85fa e-con-full e-flex e-con e-child\" data-id=\"beb85fa\" data-element_type=\"container\" data-e-type=\"container\">\n\t\t\t\t<div class=\"elementor-element elementor-element-86baa9e elementor-widget elementor-widget-image\" data-id=\"86baa9e\" data-element_type=\"widget\" data-e-type=\"widget\" data-widget_type=\"image.default\">\n\t\t\t\t<div class=\"elementor-widget-container\">\n\t\t\t\t\t\t\t\t\t\t\t\t\t\t\t<img loading=\"lazy\" decoding=\"async\" width=\"150\" height=\"150\" src=\"https:\/\/movinflex.com\/wp-content\/uploads\/2024\/11\/Logo_imq_mark-150x150-1.webp\" class=\"attachment-large size-large wp-image-2578\" alt=\"\" \/>\t\t\t\t\t\t\t\t\t\t\t\t\t\t\t<\/div>\n\t\t\t\t<\/div>\n\t\t\t\t<\/div>\n\t\t<div class=\"elementor-element elementor-element-5d0e32c e-con-full e-flex e-con e-child\" data-id=\"5d0e32c\" data-element_type=\"container\" data-e-type=\"container\">\n\t\t\t\t<div class=\"elementor-element elementor-element-30ea2bd elementor-widget elementor-widget-text-editor\" data-id=\"30ea2bd\" data-element_type=\"widget\" data-e-type=\"widget\" data-widget_type=\"text-editor.default\">\n\t\t\t\t<div class=\"elementor-widget-container\">\n\t\t\t\t\t\t\t\t\t<p><strong>Certificazione IMQ <\/strong>(Certificazione dei Sistemi di Qualit\u00e0)<\/p>\n\t\t\t\t\t\t\t\t<\/div>\n\t\t\t\t<\/div>\n\t\t\t\t<div class=\"elementor-element elementor-element-bce3d7a elementor-widget elementor-widget-text-editor\" data-id=\"bce3d7a\" data-element_type=\"widget\" data-e-type=\"widget\" data-widget_type=\"text-editor.default\">\n\t\t\t\t<div class=\"elementor-widget-container\">\n\t\t\t\t\t\t\t\t\t<p>La certificazione IMQ attesta che i nostri sistemi di gestione della qualit\u00e0 sono conformi agli standard stabiliti da IMQ, un organismo di certificazione leader nel settore della gestione della qualit\u00e0. Questa certificazione dimostra il nostro impegno per l\u2019efficienza operativa, la qualit\u00e0 dei prodotti e la soddisfazione del cliente.<\/p>\n\t\t\t\t\t\t\t\t<\/div>\n\t\t\t\t<\/div>\n\t\t\t\t<\/div>\n\t\t\t\t\t<\/div>\n\t\t\t\t<\/div>\n\t\t<div class=\"elementor-element elementor-element-39deb21 e-flex e-con-boxed e-con e-parent\" data-id=\"39deb21\" data-element_type=\"container\" data-e-type=\"container\" data-settings=\"{&quot;background_background&quot;:&quot;classic&quot;}\">\n\t\t\t\t\t<div class=\"e-con-inner\">\n\t\t<div class=\"elementor-element elementor-element-a5f8022 e-con-full e-flex e-con e-child\" data-id=\"a5f8022\" data-element_type=\"container\" data-e-type=\"container\">\n\t\t\t\t<div class=\"elementor-element elementor-element-2380eb7 elementor-widget elementor-widget-image\" data-id=\"2380eb7\" data-element_type=\"widget\" data-e-type=\"widget\" data-widget_type=\"image.default\">\n\t\t\t\t<div class=\"elementor-widget-container\">\n\t\t\t\t\t\t\t\t\t\t\t\t\t\t\t<img loading=\"lazy\" decoding=\"async\" width=\"150\" height=\"150\" src=\"https:\/\/movinflex.com\/wp-content\/uploads\/2024\/11\/Logo_CSA_mark.svg-150x150-1.png\" class=\"attachment-large size-large wp-image-2577\" alt=\"\" \/>\t\t\t\t\t\t\t\t\t\t\t\t\t\t\t<\/div>\n\t\t\t\t<\/div>\n\t\t\t\t<\/div>\n\t\t<div class=\"elementor-element elementor-element-a0e6204 e-con-full e-flex e-con e-child\" data-id=\"a0e6204\" data-element_type=\"container\" data-e-type=\"container\">\n\t\t\t\t<div class=\"elementor-element elementor-element-5dd9bbb elementor-widget elementor-widget-text-editor\" data-id=\"5dd9bbb\" data-element_type=\"widget\" data-e-type=\"widget\" data-widget_type=\"text-editor.default\">\n\t\t\t\t<div class=\"elementor-widget-container\">\n\t\t\t\t\t\t\t\t\t<p><strong>Certificazione CSA <\/strong>(Canadian Standards Association)<\/p>\n\t\t\t\t\t\t\t\t<\/div>\n\t\t\t\t<\/div>\n\t\t\t\t<div class=\"elementor-element elementor-element-7cadf70 elementor-widget elementor-widget-text-editor\" data-id=\"7cadf70\" data-element_type=\"widget\" data-e-type=\"widget\" data-widget_type=\"text-editor.default\">\n\t\t\t\t<div class=\"elementor-widget-container\">\n\t\t\t\t\t\t\t\t\t<p>La certificazione CSA \u00e8 un marchio di qualit\u00e0 riconosciuto in Canada e in molti altri paesi. Questa certificazione attesta che i nostri prodotti rispettano gli standard di sicurezza stabiliti dalla CSA, un\u2019organizzazione indipendente con una lunga storia di impegno per la sicurezza dei prodotti. La certificazione CSA \u00e8 importante per garantire la conformit\u00e0 ai requisiti specifici del mercato canadese e di altri paesi<\/p>\n\t\t\t\t\t\t\t\t<\/div>\n\t\t\t\t<\/div>\n\t\t\t\t<\/div>\n\t\t\t\t\t<\/div>\n\t\t\t\t<\/div>\n\t\t<div class=\"elementor-element elementor-element-b1a825f e-flex e-con-boxed e-con e-parent\" data-id=\"b1a825f\" data-element_type=\"container\" data-e-type=\"container\" data-settings=\"{&quot;background_background&quot;:&quot;classic&quot;}\">\n\t\t\t\t\t<div class=\"e-con-inner\">\n\t\t<div class=\"elementor-element elementor-element-6fea9ca e-con-full e-flex e-con e-child\" data-id=\"6fea9ca\" data-element_type=\"container\" data-e-type=\"container\">\n\t\t\t\t<div class=\"elementor-element elementor-element-cf62f7c elementor-widget elementor-widget-text-editor\" data-id=\"cf62f7c\" data-element_type=\"widget\" data-e-type=\"widget\" data-widget_type=\"text-editor.default\">\n\t\t\t\t<div class=\"elementor-widget-container\">\n\t\t\t\t\t\t\t\t\t<p>Per leggere di pi\u00f9 sulla nostra politica di gestione della qualit\u00e0 <a href=\"https:\/\/movinflex.com\/wp-content\/uploads\/2024\/12\/BRWACD564E7D800_006171.pdf\" target=\"_blank\" rel=\"noopener\">scarica l\u2019informativa<\/a> oppure non esitare a contattare il nostro team.<\/p>\n\t\t\t\t\t\t\t\t<\/div>\n\t\t\t\t<\/div>\n\t\t\t\t<\/div>\n\t\t\t\t\t<\/div>\n\t\t\t\t<\/div>\n\t\t\t\t<\/div>\n\t\t","protected":false},"excerpt":{"rendered":"","protected":false},"author":2,"featured_media":0,"parent":0,"menu_order":0,"comment_status":"closed","ping_status":"closed","template":"","meta":{"_acf_changed":false,"footnotes":""},"class_list":["post-2956","page","type-page","status-publish","hentry"],"acf":[],"yoast_head":"<!-- This site is optimized with the Yoast SEO plugin v27.0 - https:\/\/yoast.com\/product\/yoast-seo-wordpress\/ -->\n<title>Certifications - Movinflex Distribuzione cavi elettrici<\/title>\n<meta name=\"robots\" content=\"index, follow, max-snippet:-1, max-image-preview:large, max-video-preview:-1\" \/>\n<link rel=\"canonical\" href=\"https:\/\/movinflex.com\/en\/certifications\/\" \/>\n<meta property=\"og:locale\" content=\"en_US\" \/>\n<meta property=\"og:type\" content=\"article\" \/>\n<meta property=\"og:title\" content=\"Certifications - Movinflex Distribuzione cavi elettrici\" \/>\n<meta property=\"og:url\" content=\"https:\/\/movinflex.com\/en\/certifications\/\" \/>\n<meta property=\"og:site_name\" content=\"Movinflex Distribuzione cavi elettrici\" \/>\n<meta property=\"article:modified_time\" content=\"2025-01-21T06:00:58+00:00\" \/>\n<meta name=\"twitter:card\" content=\"summary_large_image\" \/>\n<script type=\"application\/ld+json\" class=\"yoast-schema-graph\">{\"@context\":\"https:\/\/schema.org\",\"@graph\":[{\"@type\":\"WebPage\",\"@id\":\"https:\/\/movinflex.com\/en\/certifications\/\",\"url\":\"https:\/\/movinflex.com\/en\/certifications\/\",\"name\":\"Certifications - Movinflex Distribuzione cavi elettrici\",\"isPartOf\":{\"@id\":\"https:\/\/movinflex.com\/#website\"},\"datePublished\":\"2024-11-26T13:30:16+00:00\",\"dateModified\":\"2025-01-21T06:00:58+00:00\",\"breadcrumb\":{\"@id\":\"https:\/\/movinflex.com\/en\/certifications\/#breadcrumb\"},\"inLanguage\":\"en-US\",\"potentialAction\":[{\"@type\":\"ReadAction\",\"target\":[\"https:\/\/movinflex.com\/en\/certifications\/\"]}]},{\"@type\":\"BreadcrumbList\",\"@id\":\"https:\/\/movinflex.com\/en\/certifications\/#breadcrumb\",\"itemListElement\":[{\"@type\":\"ListItem\",\"position\":1,\"name\":\"Home\",\"item\":\"https:\/\/movinflex.com\/en\/\"},{\"@type\":\"ListItem\",\"position\":2,\"name\":\"Certifications\"}]},{\"@type\":\"WebSite\",\"@id\":\"https:\/\/movinflex.com\/#website\",\"url\":\"https:\/\/movinflex.com\/\",\"name\":\"Movinflex Distribuzione cavi elettrici\",\"description\":\"Cavi per automazione industriale\",\"potentialAction\":[{\"@type\":\"SearchAction\",\"target\":{\"@type\":\"EntryPoint\",\"urlTemplate\":\"https:\/\/movinflex.com\/?s={search_term_string}\"},\"query-input\":{\"@type\":\"PropertyValueSpecification\",\"valueRequired\":true,\"valueName\":\"search_term_string\"}}],\"inLanguage\":\"en-US\"}]}<\/script>\n<!-- \/ Yoast SEO plugin. -->","yoast_head_json":{"title":"Certifications - Movinflex Distribuzione cavi elettrici","robots":{"index":"index","follow":"follow","max-snippet":"max-snippet:-1","max-image-preview":"max-image-preview:large","max-video-preview":"max-video-preview:-1"},"canonical":"https:\/\/movinflex.com\/en\/certifications\/","og_locale":"en_US","og_type":"article","og_title":"Certifications - Movinflex Distribuzione cavi elettrici","og_url":"https:\/\/movinflex.com\/en\/certifications\/","og_site_name":"Movinflex Distribuzione cavi elettrici","article_modified_time":"2025-01-21T06:00:58+00:00","twitter_card":"summary_large_image","schema":{"@context":"https:\/\/schema.org","@graph":[{"@type":"WebPage","@id":"https:\/\/movinflex.com\/en\/certifications\/","url":"https:\/\/movinflex.com\/en\/certifications\/","name":"Certifications - Movinflex Distribuzione cavi elettrici","isPartOf":{"@id":"https:\/\/movinflex.com\/#website"},"datePublished":"2024-11-26T13:30:16+00:00","dateModified":"2025-01-21T06:00:58+00:00","breadcrumb":{"@id":"https:\/\/movinflex.com\/en\/certifications\/#breadcrumb"},"inLanguage":"en-US","potentialAction":[{"@type":"ReadAction","target":["https:\/\/movinflex.com\/en\/certifications\/"]}]},{"@type":"BreadcrumbList","@id":"https:\/\/movinflex.com\/en\/certifications\/#breadcrumb","itemListElement":[{"@type":"ListItem","position":1,"name":"Home","item":"https:\/\/movinflex.com\/en\/"},{"@type":"ListItem","position":2,"name":"Certifications"}]},{"@type":"WebSite","@id":"https:\/\/movinflex.com\/#website","url":"https:\/\/movinflex.com\/","name":"Movinflex Distribuzione cavi elettrici","description":"Cavi per automazione industriale","potentialAction":[{"@type":"SearchAction","target":{"@type":"EntryPoint","urlTemplate":"https:\/\/movinflex.com\/?s={search_term_string}"},"query-input":{"@type":"PropertyValueSpecification","valueRequired":true,"valueName":"search_term_string"}}],"inLanguage":"en-US"}]}},"_links":{"self":[{"href":"https:\/\/movinflex.com\/en\/wp-json\/wp\/v2\/pages\/2956","targetHints":{"allow":["GET"]}}],"collection":[{"href":"https:\/\/movinflex.com\/en\/wp-json\/wp\/v2\/pages"}],"about":[{"href":"https:\/\/movinflex.com\/en\/wp-json\/wp\/v2\/types\/page"}],"author":[{"embeddable":true,"href":"https:\/\/movinflex.com\/en\/wp-json\/wp\/v2\/users\/2"}],"replies":[{"embeddable":true,"href":"https:\/\/movinflex.com\/en\/wp-json\/wp\/v2\/comments?post=2956"}],"version-history":[{"count":1,"href":"https:\/\/movinflex.com\/en\/wp-json\/wp\/v2\/pages\/2956\/revisions"}],"predecessor-version":[{"id":3001,"href":"https:\/\/movinflex.com\/en\/wp-json\/wp\/v2\/pages\/2956\/revisions\/3001"}],"wp:attachment":[{"href":"https:\/\/movinflex.com\/en\/wp-json\/wp\/v2\/media?parent=2956"}],"curies":[{"name":"wp","href":"https:\/\/api.w.org\/{rel}","templated":true}]}}